{"id":2115,"date":"2022-03-24T11:22:31","date_gmt":"2022-03-24T11:22:31","guid":{"rendered":"https:\/\/dsvamb.sonus.cz\/?page_id=2115"},"modified":"2022-09-19T09:35:49","modified_gmt":"2022-09-19T09:35:49","slug":"cenik-sluzeb","status":"publish","type":"page","link":"https:\/\/dsvamb.sonus.cz\/?page_id=2115","title":{"rendered":"Cen\u00edk slu\u017eeb"},"content":{"rendered":"\t\t<div data-elementor-type=\"wp-page\" data-elementor-id=\"2115\" class=\"elementor elementor-2115\">\n\t\t\t\t\t\t\t\t\t<section class=\"elementor-section elementor-top-section elementor-element elementor-element-2f0eff1 elementor-section-boxed elementor-section-height-default elementor-section-height-default\" data-id=\"2f0eff1\" data-element_type=\"section\" data-settings=\"{&quot;background_background&quot;:&quot;classic&quot;}\">\n\t\t\t\t\t\t<div class=\"elementor-container elementor-column-gap-default\">\n\t\t\t\t\t<div class=\"elementor-column elementor-col-100 elementor-top-column elementor-element elementor-element-d3015bc\" data-id=\"d3015bc\" data-element_type=\"column\">\n\t\t\t<div class=\"elementor-widget-wrap elementor-element-populated\">\n\t\t\t\t\t\t\t\t<div class=\"elementor-element elementor-element-d765841 elementor-widget elementor-widget-heading\" data-id=\"d765841\" data-element_type=\"widget\" data-widget_type=\"heading.default\">\n\t\t\t\t<div class=\"elementor-widget-container\">\n\t\t\t<style>\/*! elementor - v3.7.1 - 14-08-2022 *\/\n.elementor-heading-title{padding:0;margin:0;line-height:1}.elementor-widget-heading .elementor-heading-title[class*=elementor-size-]>a{color:inherit;font-size:inherit;line-height:inherit}.elementor-widget-heading .elementor-heading-title.elementor-size-small{font-size:15px}.elementor-widget-heading .elementor-heading-title.elementor-size-medium{font-size:19px}.elementor-widget-heading .elementor-heading-title.elementor-size-large{font-size:29px}.elementor-widget-heading .elementor-heading-title.elementor-size-xl{font-size:39px}.elementor-widget-heading .elementor-heading-title.elementor-size-xxl{font-size:59px}<\/style><h1 class=\"elementor-heading-title elementor-size-default elementor-heading-title elementor-size-default\">Cen\u00edk slu\u017eeb<\/h1>\t\t<\/div>\n\t\t\t\t<\/div>\n\t\t\t\t\t<\/div>\n\t\t<\/div>\n\t\t\t\t\t\t\t<\/div>\n\t\t<\/section>\n\t\t\t\t<section class=\"elementor-section elementor-top-section elementor-element elementor-element-2d014e4 elementor-section-height-min-height elementor-section-boxed elementor-section-height-default elementor-section-items-middle\" data-id=\"2d014e4\" data-element_type=\"section\" data-settings=\"{&quot;background_background&quot;:&quot;classic&quot;}\">\n\t\t\t\t\t\t<div class=\"elementor-container elementor-column-gap-default\">\n\t\t\t\t\t<div class=\"elementor-column elementor-col-100 elementor-top-column elementor-element elementor-element-857ba2f\" data-id=\"857ba2f\" data-element_type=\"column\">\n\t\t\t<div class=\"elementor-widget-wrap elementor-element-populated\">\n\t\t\t\t\t\t\t\t<div class=\"elementor-element elementor-element-eafbe8a elementor-widget elementor-widget-wp-widget-bcn_widget\" data-id=\"eafbe8a\" data-element_type=\"widget\" data-widget_type=\"wp-widget-bcn_widget.default\">\n\t\t\t\t<div class=\"elementor-widget-container\">\n\t\t\t<div class=\"breadcrumbs\" itemscope itemtype=\"https:\/\/schema.org\/BreadcrumbList\"><!-- Breadcrumb NavXT 7.1.0 -->\n<span property=\"itemListElement\" typeof=\"ListItem\"><a property=\"item\" typeof=\"WebPage\" title=\"P\u0159ej\u00edt na dsvamb.sonus.cz.\" href=\"https:\/\/dsvamb.sonus.cz\" class=\"home\" aria-current=\"page\"><span property=\"name\">dsvamb.sonus.cz<\/span><\/a><meta property=\"position\" content=\"1\"><\/span><\/div>\t\t<\/div>\n\t\t\t\t<\/div>\n\t\t\t\t\t<\/div>\n\t\t<\/div>\n\t\t\t\t\t\t\t<\/div>\n\t\t<\/section>\n\t\t\t\t<section class=\"elementor-section elementor-top-section elementor-element elementor-element-867cee5 elementor-section-boxed elementor-section-height-default elementor-section-height-default\" data-id=\"867cee5\" data-element_type=\"section\" data-settings=\"{&quot;background_background&quot;:&quot;classic&quot;}\">\n\t\t\t\t\t\t<div class=\"elementor-container elementor-column-gap-default\">\n\t\t\t\t\t<div class=\"elementor-column elementor-col-100 elementor-top-column elementor-element elementor-element-e2a89dc\" data-id=\"e2a89dc\" data-element_type=\"column\">\n\t\t\t<div class=\"elementor-widget-wrap elementor-element-populated\">\n\t\t\t\t\t\t\t\t<div class=\"elementor-element elementor-element-b683f03 elementor-widget elementor-widget-heading\" data-id=\"b683f03\" data-element_type=\"widget\" data-widget_type=\"heading.default\">\n\t\t\t\t<div class=\"elementor-widget-container\">\n\t\t\t<h3 class=\"elementor-heading-title elementor-size-small elementor-heading-title elementor-size-small\">Cena ubytov\u00e1n\u00ed <\/h3>\t\t<\/div>\n\t\t\t\t<\/div>\n\t\t\t\t<div class=\"elementor-element elementor-element-1264435 elementor-widget elementor-widget-text-editor\" data-id=\"1264435\" data-element_type=\"widget\" data-widget_type=\"text-editor.default\">\n\t\t\t\t<div class=\"elementor-widget-container\">\n\t\t\t<style>\/*! elementor - v3.7.1 - 14-08-2022 *\/\n.elementor-widget-text-editor.elementor-drop-cap-view-stacked .elementor-drop-cap{background-color:#818a91;color:#fff}.elementor-widget-text-editor.elementor-drop-cap-view-framed .elementor-drop-cap{color:#818a91;border:3px solid;background-color:transparent}.elementor-widget-text-editor:not(.elementor-drop-cap-view-default) .elementor-drop-cap{margin-top:8px}.elementor-widget-text-editor:not(.elementor-drop-cap-view-default) .elementor-drop-cap-letter{width:1em;height:1em}.elementor-widget-text-editor .elementor-drop-cap{float:left;text-align:center;line-height:1;font-size:50px}.elementor-widget-text-editor .elementor-drop-cap-letter{display:inline-block}<\/style>\t\t\t\t<p>Ve zn\u011bn\u00ed Z\u00e1kona \u010d.108\/2006 Sb. a jeho pozd\u011bj\u0161\u00edch p\u0159edpis\u016f.<\/p>\t\t\t\t\t\t<\/div>\n\t\t\t\t<\/div>\n\t\t\t\t<div class=\"elementor-element elementor-element-a7daae7 elementor-widget elementor-widget-eael-advanced-data-table\" data-id=\"a7daae7\" data-element_type=\"widget\" data-widget_type=\"eael-advanced-data-table.default\">\n\t\t\t\t<div class=\"elementor-widget-container\">\n\t\t\t<div class=\"ea-advanced-data-table-wrap\" data-id=\"a7daae7\"><div class=\"ea-advanced-data-table-wrap-inner\">\n                <table class=\"ea-advanced-data-table ea-advanced-data-table-static ea-advanced-data-table-a7daae7\" data-id=\"a7daae7\"><thead><tr><th><p>Slu\u017eba<\/p><\/th><th>Cena<\/th><\/tr><\/thead><tbody><tr><td><p>\u00fahradu za stravu (ve\u0161ker\u00e9 n\u00e1klady na stavu pro obyvatele)<\/p><\/td><td><p>194,00 K\u010d\/den<\/p><\/td><\/tr><tr><td>jednol\u016f\u017ekov\u00fd pokoj<\/td><td><p>250,00 K\u010d\/den<\/p><\/td><\/tr><tr><td>dvoul\u016f\u017ekov\u00fd pokoj<\/td><td><p>235,00 K\u010d\/den<\/p><\/td><\/tr><tr><td>dvoul\u016f\u017ekov\u00fd pokoj se soci\u00e1ln\u00edm za\u0159\u00edzen\u00edm<\/td><td><p>250,00 K\u010d\/den<\/p><\/td><\/tr><tr><td>t\u0159\u00edl\u016f\u017ekov\u00fd pokoj<\/td><td><p>215,00 K\u010d\/den<\/p><\/td><\/tr><tr><td>t\u0159\u00edl\u016f\u017ekov\u00fd pokoj se soci\u00e1ln\u00edm za\u0159\u00edzen\u00edm<\/td><td><p>240,00&nbsp;K\u010d\/den<\/p><\/td><\/tr><\/tbody><\/table>\n            <\/div><\/div>\t\t<\/div>\n\t\t\t\t<\/div>\n\t\t\t\t<div class=\"elementor-element elementor-element-2d09b2e elementor-widget elementor-widget-eael-advanced-data-table\" data-id=\"2d09b2e\" data-element_type=\"widget\" data-widget_type=\"eael-advanced-data-table.default\">\n\t\t\t\t<div class=\"elementor-widget-container\">\n\t\t\t<div class=\"ea-advanced-data-table-wrap\" data-id=\"2d09b2e\"><div class=\"ea-advanced-data-table-wrap-inner\">\n                <table class=\"ea-advanced-data-table ea-advanced-data-table-static ea-advanced-data-table-2d09b2e\" data-id=\"2d09b2e\"><thead><tr><th><p>Celkem \u00fahrada za 1 den:<\/p><\/th><th><p>Cena<\/p><\/th><\/tr><\/thead><tbody><tr><td><p>jednol\u016f\u017ekov\u00fd pokoj<\/p><\/td><td><p>444,00 K\u010d\/den<\/p><\/td><\/tr><tr><td><p>dvojl\u016f\u017ekov\u00fd pokoj<\/p><\/td><td><p>429,00 K\u010d\/den<\/p><\/td><\/tr><tr><td><p>dvoul\u016f\u017ekov\u00fd pokoj se soci\u00e1ln\u00edm za\u0159\u00edzen\u00edm<\/p><\/td><td><p>444,00 K\u010d\/den<\/p><\/td><\/tr><tr><td><p>t\u0159\u00edl\u016f\u017ekov\u00fd pokoj<\/p><\/td><td><p>409,00 K\u010d\/den<\/p><\/td><\/tr><tr><td><p>t\u0159\u00edl\u016f\u017ekov\u00fd pokoj se soci\u00e1ln\u00edm za\u0159\u00edzen\u00edm<\/p><\/td><td><p>434,00 K\u010d\/den<\/p><\/td><\/tr><\/tbody><\/table>\n            <\/div><\/div>\t\t<\/div>\n\t\t\t\t<\/div>\n\t\t\t\t<div class=\"elementor-element elementor-element-47a70bf elementor-widget elementor-widget-eael-advanced-data-table\" data-id=\"47a70bf\" data-element_type=\"widget\" data-widget_type=\"eael-advanced-data-table.default\">\n\t\t\t\t<div class=\"elementor-widget-container\">\n\t\t\t<div class=\"ea-advanced-data-table-wrap\" data-id=\"47a70bf\"><div class=\"ea-advanced-data-table-wrap-inner\">\n                <table class=\"ea-advanced-data-table ea-advanced-data-table-static ea-advanced-data-table-47a70bf\" data-id=\"47a70bf\"><thead><tr><th><p>Celkem \u00fahrada za m\u011bs\u00edc<\/p><\/th><th><p>30 dn\u016f<\/p><\/th><th><p>31 dn\u016f<\/p><\/th><\/tr><\/thead><tbody><tr><td><p>jednol\u016f\u017ekov\u00fd pokoj<\/p><\/td><td><p>13.320,-<\/p><\/td><td><p>13.764,-<\/p><\/td><\/tr><tr><td><p>dvojl\u016f\u017ekov\u00fd pokoj<\/p><\/td><td><p>12.870,-<\/p><\/td><td><p>13.299,-<\/p><\/td><\/tr><tr><td><p>dvojl\u016f\u017ekov\u00fd pokoj se soci\u00e1ln\u00edm za\u0159\u00edzen\u00edm<\/p><\/td><td><p>13.320,-<\/p><\/td><td><p>13.764,-<\/p><\/td><\/tr><tr><td><p>t\u0159\u00edl\u016f\u017ekov\u00fd pokoj<\/p><\/td><td><p>12.270,-<\/p><\/td><td><p>12.679,-<\/p><\/td><\/tr><tr><td><p>t\u0159\u00edl\u016f\u017ekov\u00fd pokoj se soci\u00e1ln\u00edm za\u0159\u00edzen\u00edm<\/p><\/td><td><p>13.020,-<\/p><\/td><td><p>13.454,-<\/p><\/td><\/tr><tr><td><p>Vratka za 1 den nep\u0159\u00edtomnosti: 93,-K\u010d<\/p><\/td><td><p><br><\/p><\/td><td><p><br><\/p><\/td><\/tr><\/tbody><\/table>\n            <\/div><\/div>\t\t<\/div>\n\t\t\t\t<\/div>\n\t\t\t\t<div class=\"elementor-element elementor-element-73e2e28 elementor-widget elementor-widget-text-editor\" data-id=\"73e2e28\" data-element_type=\"widget\" data-widget_type=\"text-editor.default\">\n\t\t\t\t<div class=\"elementor-widget-container\">\n\t\t\t\t\t\t\t<h3 class=\"elementor-heading-title elementor-size-small elementor-inline-editing pen\" style=\"line-height: 42px; font-family: Poppins, sans-serif; color: #363077; font-size: 28px;\" data-elementor-setting-key=\"title\" data-pen-placeholder=\"Pi\u0161te zde...\">Fakultativn\u00ed slu\u017eby<\/h3>\t\t\t\t\t\t<\/div>\n\t\t\t\t<\/div>\n\t\t\t\t<div class=\"elementor-element elementor-element-022ab9f elementor-widget elementor-widget-text-editor\" data-id=\"022ab9f\" data-element_type=\"widget\" data-widget_type=\"text-editor.default\">\n\t\t\t\t<div class=\"elementor-widget-container\">\n\t\t\t\t\t\t\t<p><font color=\"#4f4f4f\"><span style=\"font-size: 18px;\">Ve zn\u011bn\u00ed Z\u00e1kona \u010d.108\/2006 Sb. a jeho pozd\u011bj\u0161\u00edch p\u0159edpis\u016f.<\/span><\/font><br><\/p>\t\t\t\t\t\t<\/div>\n\t\t\t\t<\/div>\n\t\t\t\t<div class=\"elementor-element elementor-element-8f0e157 elementor-widget elementor-widget-eael-advanced-data-table\" data-id=\"8f0e157\" data-element_type=\"widget\" data-widget_type=\"eael-advanced-data-table.default\">\n\t\t\t\t<div class=\"elementor-widget-container\">\n\t\t\t<div class=\"ea-advanced-data-table-wrap\" data-id=\"8f0e157\"><div class=\"ea-advanced-data-table-wrap-inner\">\n                <table class=\"ea-advanced-data-table ea-advanced-data-table-static ea-advanced-data-table-8f0e157\" data-id=\"8f0e157\"><thead><tr><th>Slu\u017eby pro klienty<\/th><th>\u010das\/jednotka<\/th><th>K\u010d<\/th><\/tr><\/thead><tbody><tr><td>Doprava slu\u017eebn\u00edm vozidlem(dovoz k l\u00e9ka\u0159i, k vy\u0159\u00edzen\u00ed u\u0159edn\u00edch v\u011bc\u00ed, apod.)<\/td><td>1 km<\/td><td><p>12,-<\/p><\/td><\/tr><tr><td>\u010cekac\u00ed doba<\/td><td>1 hod.<\/td><td><p>150-<\/p><\/td><\/tr><tr><td>\u00dahrada elektrick\u00e9 energie za pou\u017eiv\u00e1n\u00ed elektrospot\u0159ebi\u010de - televize, po\u010d\u00edta\u010d.<\/td><td><p>m\u011bs\u00ed\u010dn\u011b \/ pokoj<\/p><\/td><td><p>60,-<\/p><\/td><\/tr><tr><td>Doprovod do m\u011bsta (n\u00e1kup, banka, po\u0161ta apod.)<\/td><td>1 hod.<\/td><td>200,-<\/td><\/tr><tr><td>Internet<\/td><td>m\u011bs\u00ed\u010dn\u011b<\/td><td>20,-<\/td><\/tr><tr><td>Pron\u00e1jem spole\u010densk\u00e9 m\u00edstnosti n\u00e1v\u0161t\u011bv\u00e1m<\/td><td>1 hod. <\/td><td><p>500,-<\/p><\/td><\/tr><tr><td>V\u00fdp\u016fj\u010dka n\u00e1dob\u00ed + obsluha (v\u017edy dle dohody s aktiviza\u010dn\u00ed pracovnic\u00ed)<\/td><td>ks + 1 hod.<\/td><td>cena dle dohody<\/td><\/tr><tr><td>Ob\u011bdov\u00e9 menu dle objedn\u00e1vky (v\u017edy po dohod\u011b s vedouc\u00edm stravov\u00e1n\u00ed)<\/td><td>pol\u00e9vka, hlavn\u00ed j\u00eddlo, z\u00e1kusek, n\u00e1poj<\/td><td>cena dle dohody<\/td><\/tr><tr><td>Platba z \u00fa\u010dtu pravideln\u00e1 (SIPO, telefon...)<\/td><td>1 platba<\/td><td>10,- K\u010d<\/td><\/tr><tr><td>Platba z \u00fa\u010dtu jednor\u00e1zov\u00e1<\/td><td>1 platba<\/td><td>15,- K\u010d<\/td><\/tr><tr><td>Mimo\u0159\u00e1dn\u00fd v\u00fdpis z \u00fa\u010dtu (na p\u0159\u00e1n\u00ed obyvatele)<\/td><td>1 v\u00fdpis<\/td><td>10,- K\u010d<\/td><\/tr><tr><td>Barevn\u00e1 fotokopie, tisk fotografi\u00ed (na pap\u00edr form\u00e1tu A4)<\/td><td>1 ks A4<\/td><td>5,- K\u010d<\/td><\/tr><\/tbody><\/table>\n            <\/div><\/div>\t\t<\/div>\n\t\t\t\t<\/div>\n\t\t\t\t<div class=\"elementor-element elementor-element-424c93d elementor-widget elementor-widget-text-editor\" data-id=\"424c93d\" data-element_type=\"widget\" data-widget_type=\"text-editor.default\">\n\t\t\t\t<div class=\"elementor-widget-container\">\n\t\t\t\t\t\t\t<h3 class=\"elementor-heading-title elementor-size-small elementor-inline-editing pen\" style=\"line-height: 42px; font-family: Poppins, sans-serif; color: #363077; font-size: 28px;\" data-elementor-setting-key=\"title\" data-pen-placeholder=\"Pi\u0161te zde...\">P\u016fj\u010dovna kompenza\u010dn\u00edch pom\u016fcek<\/h3>\t\t\t\t\t\t<\/div>\n\t\t\t\t<\/div>\n\t\t\t\t<div class=\"elementor-element elementor-element-ea56df8 elementor-widget elementor-widget-text-editor\" data-id=\"ea56df8\" data-element_type=\"widget\" data-widget_type=\"text-editor.default\">\n\t\t\t\t<div class=\"elementor-widget-container\">\n\t\t\t\t\t\t\t<p>Kompenza\u010dn\u00ed pom\u016fcky pro obyvatele DSVA jsou k dispozici bezplatn\u011b dle pot\u0159eby, a to nejm\u00e9n\u011b do doby vy\u0159\u00edzen\u00ed z\u00e1p\u016fj\u010dky kompenza\u010dn\u00ed pom\u016fcky na doporu\u010den\u00ed odborn\u00e9ho l\u00e9ka\u0159e od p\u0159\u00edslu\u0161n\u00e9 zdravotn\u00ed poji\u0161\u0165ovny (jedn\u00e1 se v\u011bt\u0161inou o mechanick\u00fd voz\u00edk \u010di chod\u00edtko).<\/p><p><strong>D\u016fm svat\u00e9ho Anton\u00edna vlastn\u00ed dal\u0161\u00ed kompenza\u010dn\u00ed pom\u016fcky, kter\u00e9 je mo\u017eno zap\u016fj\u010dit dom\u016f dle tohoto cen\u00edku:<\/strong><\/p>\t\t\t\t\t\t<\/div>\n\t\t\t\t<\/div>\n\t\t\t\t<div class=\"elementor-element elementor-element-df50da0 elementor-widget elementor-widget-eael-advanced-data-table\" data-id=\"df50da0\" data-element_type=\"widget\" data-widget_type=\"eael-advanced-data-table.default\">\n\t\t\t\t<div class=\"elementor-widget-container\">\n\t\t\t<div class=\"ea-advanced-data-table-wrap\" data-id=\"df50da0\"><div class=\"ea-advanced-data-table-wrap-inner\">\n                <table class=\"ea-advanced-data-table ea-advanced-data-table-static ea-advanced-data-table-df50da0\" data-id=\"df50da0\"><thead><tr><th>Pom\u016fcka<\/th><th>Cena<\/th><\/tr><\/thead><tbody><tr><td>Chod\u00edtko \u010dty\u0159kolov\u00e9<\/td><td>200,- K\u010d\/ m\u011bs\u00edc<\/td><\/tr><tr><td>Chod\u00edtko \u010dty\u0159bodov\u00e9<\/td><td>150,- K\u010d\/ m\u011bs\u00edc<\/td><\/tr><tr><td>Invalidn\u00ed voz\u00edk<\/td><td><p>350,- K\u010d\/ m\u011bs\u00edc<\/p><\/td><\/tr><tr><td>Polohovac\u00ed l\u016f\u017eko elektrick\u00e9<\/td><td>500,- K\u010d\/ m\u011bs\u00edc<\/td><\/tr><tr><td>Polohovac\u00ed l\u016f\u017eko mechanick\u00e9<\/td><td>200,- K\u010d\/ m\u011bs\u00edc<\/td><\/tr><tr><td>Toaletn\u00ed k\u0159eslo (WC k\u0159eslo)<\/td><td>200,- K\u010d\/ m\u011bs\u00edc<\/td><\/tr><\/tbody><\/table>\n            <\/div><\/div>\t\t<\/div>\n\t\t\t\t<\/div>\n\t\t\t\t<div class=\"elementor-element elementor-element-acdc16a elementor-widget elementor-widget-text-editor\" data-id=\"acdc16a\" data-element_type=\"widget\" data-widget_type=\"text-editor.default\">\n\t\t\t\t<div class=\"elementor-widget-container\">\n\t\t\t\t\t\t\t<p><span style=\"color: #333333; font-family: Arial, Helvetica, sans-serif;\"><span style=\"font-size: 14px;\">Z\u00e1jemci o p\u016fj\u010den\u00ed kompenza\u010dn\u00ed pom\u016fcky se mohou obr\u00e1tit na vedouc\u00edho technick\u00e9ho \u00faseku pana Zdenka Kope\u010dka, tel. 702 015 942. Zde v\u00e1m budou poskytnuty pot\u0159ebn\u00e9 informace a pom\u016fcka zap\u016fj\u010dena.&nbsp;<\/span><\/span><\/p>\n<p><span style=\"color: #333333; font-family: Arial, Helvetica, sans-serif;\"><span style=\"font-size: 14px;\">Platnost od: 1.10. 2022<\/span><\/span><\/p>\t\t\t\t\t\t<\/div>\n\t\t\t\t<\/div>\n\t\t\t\t\t<\/div>\n\t\t<\/div>\n\t\t\t\t\t\t\t<\/div>\n\t\t<\/section>\n\t\t\t\t\t\t\t<\/div>\n\t\t","protected":false},"excerpt":{"rendered":"<p>Cen\u00edk slu\u017eeb Cena ubytov\u00e1n\u00ed Ve zn\u011bn\u00ed Z\u00e1kona \u010d.108\/2006 Sb. a jeho pozd\u011bj\u0161\u00edch p\u0159edpis\u016f. Slu\u017eba Cena \u00fahradu za stravu&#8230;<\/p>\n","protected":false},"author":1,"featured_media":0,"parent":2610,"menu_order":0,"comment_status":"closed","ping_status":"closed","template":"elementor_header_footer","meta":{"ngg_post_thumbnail":0,"footnotes":""},"class_list":["post-2115","page","type-page","status-publish","hentry"],"_links":{"self":[{"href":"https:\/\/dsvamb.sonus.cz\/index.php?rest_route=\/wp\/v2\/pages\/2115","targetHints":{"allow":["GET"]}}],"collection":[{"href":"https:\/\/dsvamb.sonus.cz\/index.php?rest_route=\/wp\/v2\/pages"}],"about":[{"href":"https:\/\/dsvamb.sonus.cz\/index.php?rest_route=\/wp\/v2\/types\/page"}],"author":[{"embeddable":true,"href":"https:\/\/dsvamb.sonus.cz\/index.php?rest_route=\/wp\/v2\/users\/1"}],"replies":[{"embeddable":true,"href":"https:\/\/dsvamb.sonus.cz\/index.php?rest_route=%2Fwp%2Fv2%2Fcomments&post=2115"}],"version-history":[{"count":130,"href":"https:\/\/dsvamb.sonus.cz\/index.php?rest_route=\/wp\/v2\/pages\/2115\/revisions"}],"predecessor-version":[{"id":3287,"href":"https:\/\/dsvamb.sonus.cz\/index.php?rest_route=\/wp\/v2\/pages\/2115\/revisions\/3287"}],"up":[{"embeddable":true,"href":"https:\/\/dsvamb.sonus.cz\/index.php?rest_route=\/wp\/v2\/pages\/2610"}],"wp:attachment":[{"href":"https:\/\/dsvamb.sonus.cz\/index.php?rest_route=%2Fwp%2Fv2%2Fmedia&parent=2115"}],"curies":[{"name":"wp","href":"https:\/\/api.w.org\/{rel}","templated":true}]}}