{"id":2127,"date":"2022-03-24T11:33:31","date_gmt":"2022-03-24T11:33:31","guid":{"rendered":"https:\/\/dsvamb.sonus.cz\/?page_id=2127"},"modified":"2022-05-27T12:22:34","modified_gmt":"2022-05-27T12:22:34","slug":"soucasnost","status":"publish","type":"page","link":"https:\/\/dsvamb.sonus.cz\/?page_id=2127","title":{"rendered":"Sou\u010dasnost"},"content":{"rendered":"\t\t<div data-elementor-type=\"wp-page\" data-elementor-id=\"2127\" class=\"elementor elementor-2127\">\n\t\t\t\t\t\t\t\t\t<section class=\"elementor-section elementor-top-section elementor-element elementor-element-2f0eff1 elementor-section-boxed elementor-section-height-default elementor-section-height-default\" data-id=\"2f0eff1\" data-element_type=\"section\" data-settings=\"{&quot;background_background&quot;:&quot;classic&quot;}\">\n\t\t\t\t\t\t<div class=\"elementor-container elementor-column-gap-default\">\n\t\t\t\t\t<div class=\"elementor-column elementor-col-100 elementor-top-column elementor-element elementor-element-d3015bc\" data-id=\"d3015bc\" data-element_type=\"column\">\n\t\t\t<div class=\"elementor-widget-wrap elementor-element-populated\">\n\t\t\t\t\t\t\t\t<div class=\"elementor-element elementor-element-d765841 elementor-widget elementor-widget-heading\" data-id=\"d765841\" data-element_type=\"widget\" data-widget_type=\"heading.default\">\n\t\t\t\t<div class=\"elementor-widget-container\">\n\t\t\t<style>\/*! elementor - v3.7.1 - 14-08-2022 *\/\n.elementor-heading-title{padding:0;margin:0;line-height:1}.elementor-widget-heading .elementor-heading-title[class*=elementor-size-]>a{color:inherit;font-size:inherit;line-height:inherit}.elementor-widget-heading .elementor-heading-title.elementor-size-small{font-size:15px}.elementor-widget-heading .elementor-heading-title.elementor-size-medium{font-size:19px}.elementor-widget-heading .elementor-heading-title.elementor-size-large{font-size:29px}.elementor-widget-heading .elementor-heading-title.elementor-size-xl{font-size:39px}.elementor-widget-heading .elementor-heading-title.elementor-size-xxl{font-size:59px}<\/style><h1 class=\"elementor-heading-title elementor-size-default elementor-heading-title elementor-size-default\">Sou\u010dasnost<\/h1>\t\t<\/div>\n\t\t\t\t<\/div>\n\t\t\t\t\t<\/div>\n\t\t<\/div>\n\t\t\t\t\t\t\t<\/div>\n\t\t<\/section>\n\t\t\t\t<section class=\"elementor-section elementor-top-section elementor-element elementor-element-2d014e4 elementor-section-height-min-height elementor-section-boxed elementor-section-height-default elementor-section-items-middle\" data-id=\"2d014e4\" data-element_type=\"section\" data-settings=\"{&quot;background_background&quot;:&quot;classic&quot;}\">\n\t\t\t\t\t\t<div class=\"elementor-container elementor-column-gap-default\">\n\t\t\t\t\t<div class=\"elementor-column elementor-col-100 elementor-top-column elementor-element elementor-element-857ba2f\" data-id=\"857ba2f\" data-element_type=\"column\">\n\t\t\t<div class=\"elementor-widget-wrap elementor-element-populated\">\n\t\t\t\t\t\t\t\t<div class=\"elementor-element elementor-element-eafbe8a elementor-widget elementor-widget-wp-widget-bcn_widget\" data-id=\"eafbe8a\" data-element_type=\"widget\" data-widget_type=\"wp-widget-bcn_widget.default\">\n\t\t\t\t<div class=\"elementor-widget-container\">\n\t\t\t<div class=\"breadcrumbs\" itemscope itemtype=\"https:\/\/schema.org\/BreadcrumbList\"><!-- Breadcrumb NavXT 7.1.0 -->\n<span property=\"itemListElement\" typeof=\"ListItem\"><a property=\"item\" typeof=\"WebPage\" title=\"P\u0159ej\u00edt na dsvamb.sonus.cz.\" href=\"https:\/\/dsvamb.sonus.cz\" class=\"home\" aria-current=\"page\"><span property=\"name\">dsvamb.sonus.cz<\/span><\/a><meta property=\"position\" content=\"1\"><\/span><\/div>\t\t<\/div>\n\t\t\t\t<\/div>\n\t\t\t\t\t<\/div>\n\t\t<\/div>\n\t\t\t\t\t\t\t<\/div>\n\t\t<\/section>\n\t\t\t\t<section class=\"elementor-section elementor-top-section elementor-element elementor-element-867cee5 elementor-section-boxed elementor-section-height-default elementor-section-height-default\" data-id=\"867cee5\" data-element_type=\"section\" data-settings=\"{&quot;background_background&quot;:&quot;classic&quot;}\">\n\t\t\t\t\t\t<div class=\"elementor-container elementor-column-gap-default\">\n\t\t\t\t\t<div class=\"elementor-column elementor-col-100 elementor-top-column elementor-element elementor-element-e2a89dc\" data-id=\"e2a89dc\" data-element_type=\"column\">\n\t\t\t<div class=\"elementor-widget-wrap elementor-element-populated\">\n\t\t\t\t\t\t\t\t<div class=\"elementor-element elementor-element-1264435 elementor-widget elementor-widget-text-editor\" data-id=\"1264435\" data-element_type=\"widget\" data-widget_type=\"text-editor.default\">\n\t\t\t\t<div class=\"elementor-widget-container\">\n\t\t\t<style>\/*! elementor - v3.7.1 - 14-08-2022 *\/\n.elementor-widget-text-editor.elementor-drop-cap-view-stacked .elementor-drop-cap{background-color:#818a91;color:#fff}.elementor-widget-text-editor.elementor-drop-cap-view-framed .elementor-drop-cap{color:#818a91;border:3px solid;background-color:transparent}.elementor-widget-text-editor:not(.elementor-drop-cap-view-default) .elementor-drop-cap{margin-top:8px}.elementor-widget-text-editor:not(.elementor-drop-cap-view-default) .elementor-drop-cap-letter{width:1em;height:1em}.elementor-widget-text-editor .elementor-drop-cap{float:left;text-align:center;line-height:1;font-size:50px}.elementor-widget-text-editor .elementor-drop-cap-letter{display:inline-block}<\/style>\t\t\t\t<p>Materi\u00e1ln\u011b technick\u00e9 vybaven\u00ed: Domov pro seniory je um\u00edst\u011bn ve \u010dty\u0159podla\u017en\u00ed budov\u011b uprost\u0159ed velk\u00e9 zahrady na periferii m\u011bsta Moravsk\u00fdch Bud\u011bjovic. Budova byla v minulosti \u010d\u00e1ste\u010dn\u011b modernizov\u00e1na a pr\u016fb\u011b\u017en\u011b jsou vytv\u00e1\u0159eny st\u00e1le lep\u0161\u00ed podm\u00ednky pro poskytov\u00e1n\u00ed ve\u0161ker\u00fdch soci\u00e1ln\u00edch slu\u017eeb. Viz investi\u010dn\u00ed akce.&nbsp;<\/p>\n<p>V domov\u011b jsou dvoul\u016f\u017ekov\u00e9, t\u0159\u00edl\u016f\u017ekov\u00e9 a pouze t\u0159i jednol\u016f\u017ekov\u00e9 pokoje. K jednotliv\u00fdm pokoj\u016fm jsou ur\u010dena spole\u010dn\u00e1 soci\u00e1ln\u00ed za\u0159\u00edzen\u00ed na jednotliv\u00fdch podla\u017e\u00edch. Na ka\u017ed\u00e9m podla\u017e\u00ed se nach\u00e1z\u00ed m\u00edstnost pro osobn\u00ed hygienu, kter\u00e1 je vybavena polohovac\u00edmi vanami s v\u00ed\u0159ivkou. K dispozici jsou t\u00e9\u017e zvedac\u00ed za\u0159\u00edzen\u00ed pro imobiln\u00ed obyvatele. Pokoje jsou \u010d\u00e1ste\u010dn\u011b vybaveny polohovac\u00edmi postelemi s elektrick\u00fdm ovl\u00e1d\u00e1n\u00edm a d\u00e1le pak klasick\u00fdmi l\u016f\u017eky s mechanick\u00fdm polohov\u00e1n\u00edm. Obyvatel\u00e9 vyu\u017e\u00edvaj\u00ed n\u00e1bytek domova. V\u00edce\u00fa\u010delov\u00e1 spole\u010densk\u00e1 m\u00edstnost a j\u00eddelna jsou um\u00edstn\u011bny v p\u0159istaven\u00e9 \u010d\u00e1sti domu. Sou\u010d\u00e1st\u00ed domu je i kaple, kde jsou zaji\u0161\u0165ov\u00e1ny \u0159\u00edmskokatolick\u00e9 bohoslu\u017eby. Velmi vyu\u017e\u00edvan\u00e1 je i velk\u00e1 zahrada, kter\u00e1 slou\u017e\u00ed obyvatel\u016fm k rekreaci, proch\u00e1zk\u00e1m a jsou zde po\u0159\u00e1d\u00e1ny v letn\u00edch m\u011bs\u00edc\u00edch r\u016fzn\u00e9 spole\u010densk\u00e9 akce.&nbsp;<\/p>\n<p>Povrchov\u00e1 \u00faprava podlah na pokoj\u00edch, chodb\u00e1ch, spole\u010densk\u00fdch m\u00edstnostech, sestern\u00e1ch a kuchy\u0148k\u00e1ch na jednotliv\u00fdch podla\u017e\u00edch je krytina z PVC p\u0159\u00edpadn\u011b keramick\u00e1 dla\u017eba, stejn\u011b jako v j\u00eddeln\u011b, v\u00edce\u00fa\u010delov\u00e9 spole\u010densk\u00e9 m\u00edstnosti, pomocn\u00fdch provozech, v koupeln\u00e1ch a soci\u00e1ln\u00edch za\u0159\u00edzen\u00edch je keramick\u00e1 dla\u017eba s obkladem. Povrch st\u011bn je b\u011b\u017en\u00e1 \u0161tukov\u00e1 om\u00edtka s v\u00fdmalbou, p\u0159\u00edpadn\u011b omyvateln\u00fd n\u00e1t\u011br st\u011bn na schodi\u0161ti a n\u011bkter\u00fdch pokoj\u00edch.&nbsp;<\/p>\n<p>V dom\u011b je um\u00edst\u011bna ordinace, kterou vyu\u017e\u00edv\u00e1 praktick\u00fd l\u00e9ka\u0159 a dal\u0161\u00ed odborn\u00ed l\u00e9ka\u0159i, rehabilita\u010dn\u00ed m\u00edstnost, sesterny, kuchy\u0148ky a kulturn\u00ed a spole\u010densk\u00e9 m\u00edstnosti na jednotliv\u00fdch podla\u017e\u00edch. Vertik\u00e1ln\u00ed bezbari\u00e9rov\u00e9 propojen\u00ed zaji\u0161\u0165uj\u00ed dva v\u00fdtahy, z nich\u017e jeden je mo\u017eno vyu\u017e\u00edt i pro le\u017e\u00edc\u00ed obyvatele. D\u016fm provozuje vlastn\u00ed pr\u00e1delnu, \u017eehl\u00edrnu a stravovac\u00ed provoz.<\/p>\t\t\t\t\t\t<\/div>\n\t\t\t\t<\/div>\n\t\t\t\t\t<\/div>\n\t\t<\/div>\n\t\t\t\t\t\t\t<\/div>\n\t\t<\/section>\n\t\t\t\t\t\t\t<\/div>\n\t\t","protected":false},"excerpt":{"rendered":"<p>Sou\u010dasnost Materi\u00e1ln\u011b technick\u00e9 vybaven\u00ed: Domov pro seniory je um\u00edst\u011bn ve \u010dty\u0159podla\u017en\u00ed budov\u011b uprost\u0159ed velk\u00e9 zahrady na periferii m\u011bsta&#8230;<\/p>\n","protected":false},"author":1,"featured_media":0,"parent":2610,"menu_order":0,"comment_status":"closed","ping_status":"closed","template":"elementor_header_footer","meta":{"ngg_post_thumbnail":0,"footnotes":""},"class_list":["post-2127","page","type-page","status-publish","hentry"],"_links":{"self":[{"href":"https:\/\/dsvamb.sonus.cz\/index.php?rest_route=\/wp\/v2\/pages\/2127","targetHints":{"allow":["GET"]}}],"collection":[{"href":"https:\/\/dsvamb.sonus.cz\/index.php?rest_route=\/wp\/v2\/pages"}],"about":[{"href":"https:\/\/dsvamb.sonus.cz\/index.php?rest_route=\/wp\/v2\/types\/page"}],"author":[{"embeddable":true,"href":"https:\/\/dsvamb.sonus.cz\/index.php?rest_route=\/wp\/v2\/users\/1"}],"replies":[{"embeddable":true,"href":"https:\/\/dsvamb.sonus.cz\/index.php?rest_route=%2Fwp%2Fv2%2Fcomments&post=2127"}],"version-history":[{"count":19,"href":"https:\/\/dsvamb.sonus.cz\/index.php?rest_route=\/wp\/v2\/pages\/2127\/revisions"}],"predecessor-version":[{"id":2953,"href":"https:\/\/dsvamb.sonus.cz\/index.php?rest_route=\/wp\/v2\/pages\/2127\/revisions\/2953"}],"up":[{"embeddable":true,"href":"https:\/\/dsvamb.sonus.cz\/index.php?rest_route=\/wp\/v2\/pages\/2610"}],"wp:attachment":[{"href":"https:\/\/dsvamb.sonus.cz\/index.php?rest_route=%2Fwp%2Fv2%2Fmedia&parent=2127"}],"curies":[{"name":"wp","href":"https:\/\/api.w.org\/{rel}","templated":true}]}}