{"id":2966,"date":"2022-05-30T07:13:46","date_gmt":"2022-05-30T07:13:46","guid":{"rendered":"https:\/\/dsvamb.sonus.cz\/?page_id=2966"},"modified":"2022-05-31T11:41:34","modified_gmt":"2022-05-31T11:41:34","slug":"hledate-zamestnani","status":"publish","type":"page","link":"https:\/\/dsvamb.sonus.cz\/?page_id=2966","title":{"rendered":"Hled\u00e1te zam\u011bstn\u00e1n\u00ed?"},"content":{"rendered":"\n<p class=\"has-text-align-center has-medium-font-size\">HLED\u00c1ME DO NA\u0160EHO T\u00ddMU<\/p>\n\n\n\n<p class=\"has-text-align-center has-large-font-size\">ZDRAVOTN\u00cd SESTRY<br><\/p>\n\n\n\n<p class=\"has-medium-font-size\"><strong>Po\u017eadavky<\/strong><\/p>\n\n\n\n<div class=\"wp-block-group\"><div class=\"wp-block-group__inner-container is-layout-flow wp-block-group-is-layout-flow\">\n<ul class=\"wp-block-list\"><li>zdravotnick\u00e9 vzd\u011bl\u00e1n\u00ed<\/li><\/ul>\n\n\n\n<ul class=\"wp-block-list\"><li>mor\u00e1ln\u00ed bez\u00fahonnost<\/li><\/ul>\n\n\n\n<ul class=\"wp-block-list\"><li>t\u00fdmov\u00e1 spolupr\u00e1ce<\/li><\/ul>\n\n\n\n<ul class=\"wp-block-list\"><li>kladn\u00fd vztah k senior\u016fm<br><\/li><\/ul>\n<\/div><\/div>\n\n\n\n<p class=\"has-medium-font-size\"><strong>Benefity<\/strong><\/p>\n\n\n\n<ul class=\"wp-block-list\"><li>podpora v akreditovan\u00e9m specializa\u010dn\u00edm vzd\u011bl\u00e1v\u00e1n\u00ed<\/li><\/ul>\n\n\n\n<ul class=\"wp-block-list\"><li>5 t\u00fddn\u016f dovolen\u00e9<\/li><\/ul>\n\n\n\n<ul class=\"wp-block-list\"><li>mzda dle na\u0159\u00edzen\u00ed vl\u00e1dy \u010d. 341\/2017 Sb. o platov\u00fdch pom\u011brech zam\u011bstnanc\u016f ve ve\u0159ejn\u00fdch slu\u017eb\u00e1ch a spr\u00e1v\u011b, platov\u00e9 za\u0159azen\u00ed dle tabulek.<\/li><\/ul>\n\n\n\n<ul class=\"wp-block-list\"><li>pravideln\u00e9 i mimo\u0159\u00e1dn\u00e9 finan\u010dn\u00ed odm\u011bny<\/li><\/ul>\n\n\n\n<ul class=\"wp-block-list\"><li>v\u00fdhodn\u00e9 stravov\u00e1n\u00ed<br><\/li><\/ul>\n\n\n\n<p class=\"has-medium-font-size\"><strong>Kontakt<\/strong><\/p>\n\n\n\n<p class=\"has-medium-font-size\"><br>Person\u00e1ln\u00ed odd\u011blen\u00ed:<br>Bc. Pavl\u00edna Jele\u010dkov\u00e1, DiS., 702 272 847, jeleckova.p@dsvamb.cz<\/p>\n","protected":false},"excerpt":{"rendered":"<p>HLED\u00c1ME DO NA\u0160EHO T\u00ddMU ZDRAVOTN\u00cd SESTRY Po\u017eadavky zdravotnick\u00e9 vzd\u011bl\u00e1n\u00ed mor\u00e1ln\u00ed bez\u00fahonnost t\u00fdmov\u00e1 spolupr\u00e1ce kladn\u00fd vztah k senior\u016fm Benefity&#8230;<\/p>\n","protected":false},"author":1,"featured_media":0,"parent":0,"menu_order":0,"comment_status":"closed","ping_status":"closed","template":"","meta":{"ngg_post_thumbnail":0,"footnotes":""},"class_list":["post-2966","page","type-page","status-publish","hentry"],"_links":{"self":[{"href":"https:\/\/dsvamb.sonus.cz\/index.php?rest_route=\/wp\/v2\/pages\/2966","targetHints":{"allow":["GET"]}}],"collection":[{"href":"https:\/\/dsvamb.sonus.cz\/index.php?rest_route=\/wp\/v2\/pages"}],"about":[{"href":"https:\/\/dsvamb.sonus.cz\/index.php?rest_route=\/wp\/v2\/types\/page"}],"author":[{"embeddable":true,"href":"https:\/\/dsvamb.sonus.cz\/index.php?rest_route=\/wp\/v2\/users\/1"}],"replies":[{"embeddable":true,"href":"https:\/\/dsvamb.sonus.cz\/index.php?rest_route=%2Fwp%2Fv2%2Fcomments&post=2966"}],"version-history":[{"count":2,"href":"https:\/\/dsvamb.sonus.cz\/index.php?rest_route=\/wp\/v2\/pages\/2966\/revisions"}],"predecessor-version":[{"id":3019,"href":"https:\/\/dsvamb.sonus.cz\/index.php?rest_route=\/wp\/v2\/pages\/2966\/revisions\/3019"}],"wp:attachment":[{"href":"https:\/\/dsvamb.sonus.cz\/index.php?rest_route=%2Fwp%2Fv2%2Fmedia&parent=2966"}],"curies":[{"name":"wp","href":"https:\/\/api.w.org\/{rel}","templated":true}]}}