{"id":3054,"date":"2022-06-02T10:30:11","date_gmt":"2022-06-02T10:30:11","guid":{"rendered":"https:\/\/dsvamb.sonus.cz\/?page_id=3054"},"modified":"2022-06-27T12:31:16","modified_gmt":"2022-06-27T12:31:16","slug":"vyrocni-zpravy","status":"publish","type":"page","link":"https:\/\/dsvamb.sonus.cz\/?page_id=3054","title":{"rendered":"V\u00fdro\u010dn\u00ed zpr\u00e1vy"},"content":{"rendered":"\t\t<div data-elementor-type=\"wp-page\" data-elementor-id=\"3054\" class=\"elementor elementor-3054\">\n\t\t\t\t\t\t\t\t\t<section class=\"elementor-section elementor-top-section elementor-element elementor-element-8bfe1c1 elementor-section-boxed elementor-section-height-default elementor-section-height-default\" data-id=\"8bfe1c1\" data-element_type=\"section\">\n\t\t\t\t\t\t<div class=\"elementor-container elementor-column-gap-default\">\n\t\t\t\t\t<div class=\"elementor-column elementor-col-100 elementor-top-column elementor-element elementor-element-11220aa\" data-id=\"11220aa\" data-element_type=\"column\">\n\t\t\t<div class=\"elementor-widget-wrap elementor-element-populated\">\n\t\t\t\t\t\t\t\t<div class=\"elementor-element elementor-element-388af59 elementor-widget elementor-widget-text-editor\" data-id=\"388af59\" data-element_type=\"widget\" data-widget_type=\"text-editor.default\">\n\t\t\t\t<div class=\"elementor-widget-container\">\n\t\t\t<style>\/*! elementor - v3.7.1 - 14-08-2022 *\/\n.elementor-widget-text-editor.elementor-drop-cap-view-stacked .elementor-drop-cap{background-color:#818a91;color:#fff}.elementor-widget-text-editor.elementor-drop-cap-view-framed .elementor-drop-cap{color:#818a91;border:3px solid;background-color:transparent}.elementor-widget-text-editor:not(.elementor-drop-cap-view-default) .elementor-drop-cap{margin-top:8px}.elementor-widget-text-editor:not(.elementor-drop-cap-view-default) .elementor-drop-cap-letter{width:1em;height:1em}.elementor-widget-text-editor .elementor-drop-cap{float:left;text-align:center;line-height:1;font-size:50px}.elementor-widget-text-editor .elementor-drop-cap-letter{display:inline-block}<\/style>\t\t\t\t<ul><li><a href=\"http:\/\/dsvamb.sonus.cz\/wp-content\/uploads\/2022\/06\/VZ2006.pdf\">V\u00fdro\u010dn\u00ed zpr\u00e1va 2006<\/a><\/li><li><a href=\"http:\/\/dsvamb.sonus.cz\/wp-content\/uploads\/2022\/06\/VZ2007.pdf\">V\u00fdro\u010dn\u00ed zpr\u00e1va 2007<\/a><\/li><li><a href=\"http:\/\/dsvamb.sonus.cz\/wp-content\/uploads\/2022\/06\/VZ2008.pdf\">V\u00fdro\u010dn\u00ed zpr\u00e1va 2008<\/a><\/li><li><a href=\"http:\/\/dsvamb.sonus.cz\/wp-content\/uploads\/2022\/06\/VZ2009.pdf\">V\u00fdro\u010dn\u00ed zpr\u00e1va 2009<\/a><\/li><li><a href=\"http:\/\/dsvamb.sonus.cz\/wp-content\/uploads\/2022\/06\/VZ2010.pdf\">V\u00fdro\u010dn\u00ed zpr\u00e1va 2010<\/a><\/li><li><a href=\"http:\/\/dsvamb.sonus.cz\/wp-content\/uploads\/2022\/06\/VZ2011.pdf\">V\u00fdro\u010dn\u00ed zpr\u00e1va 2011<\/a><\/li><li><a href=\"http:\/\/dsvamb.sonus.cz\/wp-content\/uploads\/2022\/06\/VZ2012.pdf\">V\u00fdro\u010dn\u00ed zpr\u00e1va 2012<\/a><\/li><li><a href=\"http:\/\/dsvamb.sonus.cz\/wp-content\/uploads\/2022\/06\/VZ2013.pdf\">V\u00fdro\u010dn\u00ed zpr\u00e1va 2013<\/a><\/li><li><a href=\"http:\/\/dsvamb.sonus.cz\/wp-content\/uploads\/2022\/06\/VZ2014.pdf\">V\u00fdro\u010dn\u00ed zpr\u00e1va 2014<\/a><\/li><li><a href=\"http:\/\/dsvamb.sonus.cz\/wp-content\/uploads\/2022\/06\/VZ2015.pdf\">V\u00fdro\u010dn\u00ed zpr\u00e1va 2015<\/a><\/li><li><a href=\"http:\/\/dsvamb.sonus.cz\/wp-content\/uploads\/2022\/06\/VZ2016.pdf\">V\u00fdro\u010dn\u00ed zpr\u00e1va 2016<\/a><\/li><li><a href=\"http:\/\/dsvamb.sonus.cz\/wp-content\/uploads\/2022\/06\/VZ2017.pdf\">V\u00fdro\u010dn\u00ed zpr\u00e1va 2017<\/a><\/li><li><a href=\"http:\/\/dsvamb.sonus.cz\/wp-content\/uploads\/2022\/06\/VZ2018.pdf\">V\u00fdro\u010dn\u00ed zpr\u00e1va 2018<\/a><\/li><li><a href=\"http:\/\/dsvamb.sonus.cz\/wp-content\/uploads\/2022\/06\/VZ2019.pdf\">V\u00fdro\u010dn\u00ed zpr\u00e1va 2019<\/a><\/li><li><a href=\"http:\/\/dsvamb.sonus.cz\/wp-content\/uploads\/2022\/06\/VZ2020.pdf\">V\u00fdro\u010dn\u00ed zpr\u00e1va 2020<\/a><\/li><li><a href=\"http:\/\/dsvamb.sonus.cz\/wp-content\/uploads\/2022\/06\/VYROCNI-ZPRAVA-2021.pdf\">V\u00fdro\u010dn\u00ed zpr\u00e1va 2021<\/a><\/li><\/ul>\t\t\t\t\t\t<\/div>\n\t\t\t\t<\/div>\n\t\t\t\t\t<\/div>\n\t\t<\/div>\n\t\t\t\t\t\t\t<\/div>\n\t\t<\/section>\n\t\t\t\t\t\t\t<\/div>\n\t\t","protected":false},"excerpt":{"rendered":"<p>V\u00fdro\u010dn\u00ed zpr\u00e1va 2006 V\u00fdro\u010dn\u00ed zpr\u00e1va 2007 V\u00fdro\u010dn\u00ed zpr\u00e1va 2008 V\u00fdro\u010dn\u00ed zpr\u00e1va 2009 V\u00fdro\u010dn\u00ed zpr\u00e1va 2010 V\u00fdro\u010dn\u00ed zpr\u00e1va 2011&#8230;<\/p>\n","protected":false},"author":1,"featured_media":0,"parent":0,"menu_order":0,"comment_status":"closed","ping_status":"closed","template":"","meta":{"ngg_post_thumbnail":0,"footnotes":""},"class_list":["post-3054","page","type-page","status-publish","hentry"],"_links":{"self":[{"href":"https:\/\/dsvamb.sonus.cz\/index.php?rest_route=\/wp\/v2\/pages\/3054","targetHints":{"allow":["GET"]}}],"collection":[{"href":"https:\/\/dsvamb.sonus.cz\/index.php?rest_route=\/wp\/v2\/pages"}],"about":[{"href":"https:\/\/dsvamb.sonus.cz\/index.php?rest_route=\/wp\/v2\/types\/page"}],"author":[{"embeddable":true,"href":"https:\/\/dsvamb.sonus.cz\/index.php?rest_route=\/wp\/v2\/users\/1"}],"replies":[{"embeddable":true,"href":"https:\/\/dsvamb.sonus.cz\/index.php?rest_route=%2Fwp%2Fv2%2Fcomments&post=3054"}],"version-history":[{"count":7,"href":"https:\/\/dsvamb.sonus.cz\/index.php?rest_route=\/wp\/v2\/pages\/3054\/revisions"}],"predecessor-version":[{"id":3251,"href":"https:\/\/dsvamb.sonus.cz\/index.php?rest_route=\/wp\/v2\/pages\/3054\/revisions\/3251"}],"wp:attachment":[{"href":"https:\/\/dsvamb.sonus.cz\/index.php?rest_route=%2Fwp%2Fv2%2Fmedia&parent=3054"}],"curies":[{"name":"wp","href":"https:\/\/api.w.org\/{rel}","templated":true}]}}